{"id":7,"date":"2026-03-12T05:17:23","date_gmt":"2026-03-12T05:17:23","guid":{"rendered":"https:\/\/boutiquedelaformule1.fr\/?page_id=7"},"modified":"2026-04-03T14:30:18","modified_gmt":"2026-04-03T14:30:18","slug":"accueil","status":"publish","type":"page","link":"https:\/\/boutiquedelaformule1.fr\/","title":{"rendered":"Accueil"},"content":{"rendered":"\t\t<div data-elementor-type=\"wp-page\" data-elementor-id=\"7\" class=\"elementor elementor-7\" data-elementor-post-type=\"page\">\n\t\t\t\t<div class=\"elementor-element elementor-element-011fdc7 e-flex e-con-boxed e-con e-parent\" data-id=\"011fdc7\" data-element_type=\"container\" data-e-type=\"container\" data-settings=\"{&quot;background_background&quot;:&quot;classic&quot;}\">\n\t\t\t\t\t<div class=\"e-con-inner\">\n\t\t\t\t<div class=\"elementor-element elementor-element-26b1049 elementor-invisible elementor-widget elementor-widget-heading\" data-id=\"26b1049\" data-element_type=\"widget\" data-e-type=\"widget\" data-settings=\"{&quot;_animation&quot;:&quot;fadeInUp&quot;}\" data-widget_type=\"heading.default\">\n\t\t\t\t\t<h2 class=\"elementor-heading-title elementor-size-default\">La Boutique  <span style=\"color:#ffd205\">Formula Store<\/span> -Motor Shop<\/h2>\t\t\t\t<\/div>\n\t\t\t\t\t<\/div>\n\t\t\t\t<\/div>\n\t\t<div class=\"elementor-element elementor-element-b6ef56c e-flex e-con-boxed e-con e-parent\" data-id=\"b6ef56c\" data-element_type=\"container\" data-e-type=\"container\" id=\"apropos\">\n\t\t\t\t\t<div class=\"e-con-inner\">\n\t\t<div class=\"elementor-element elementor-element-0a65c78 e-con-full e-flex e-con e-child\" data-id=\"0a65c78\" data-element_type=\"container\" data-e-type=\"container\">\n\t\t\t\t<div class=\"elementor-element elementor-element-698da52 elementor-widget elementor-widget-heading\" data-id=\"698da52\" data-element_type=\"widget\" data-e-type=\"widget\" data-widget_type=\"heading.default\">\n\t\t\t\t\t<h2 class=\"elementor-heading-title elementor-size-default\">Soyez les bienvenus chez le distributeur de la gamme officielle de vos produits pr\u00e9f\u00e9r\u00e9s <\/h2>\t\t\t\t<\/div>\n\t\t\t\t<\/div>\n\t\t\t\t\t<\/div>\n\t\t\t\t<\/div>\n\t\t<div class=\"elementor-element elementor-element-7a2f95f e-flex e-con-boxed e-con e-parent\" data-id=\"7a2f95f\" data-element_type=\"container\" data-e-type=\"container\" id=\"galerie\">\n\t\t\t\t\t<div class=\"e-con-inner\">\n\t\t\t\t<div class=\"elementor-element elementor-element-7463c09 elementor-widget elementor-widget-gallery\" data-id=\"7463c09\" data-element_type=\"widget\" data-e-type=\"widget\" data-settings=\"{&quot;gallery_layout&quot;:&quot;masonry&quot;,&quot;lazyload&quot;:&quot;yes&quot;,&quot;columns&quot;:4,&quot;columns_tablet&quot;:2,&quot;columns_mobile&quot;:1,&quot;gap&quot;:{&quot;unit&quot;:&quot;px&quot;,&quot;size&quot;:10,&quot;sizes&quot;:[]},&quot;gap_tablet&quot;:{&quot;unit&quot;:&quot;px&quot;,&quot;size&quot;:10,&quot;sizes&quot;:[]},&quot;gap_mobile&quot;:{&quot;unit&quot;:&quot;px&quot;,&quot;size&quot;:10,&quot;sizes&quot;:[]},&quot;link_to&quot;:&quot;file&quot;,&quot;overlay_background&quot;:&quot;yes&quot;,&quot;content_hover_animation&quot;:&quot;fade-in&quot;}\" data-widget_type=\"gallery.default\">\n\t\t\t\t\t\t\t<div class=\"elementor-gallery__container\">\r\n\t\t\t\t\t\t\t<a class=\"e-gallery-item elementor-gallery-item elementor-animated-content\" href=\"https:\/\/boutiquedelaformule1.fr\/wp-content\/uploads\/2026\/03\/5.jpeg\" data-elementor-open-lightbox=\"yes\" data-elementor-lightbox-slideshow=\"7463c09\" data-elementor-lightbox-title=\"5\" data-e-action-hash=\"#elementor-action%3Aaction%3Dlightbox%26settings%3DeyJpZCI6MjUwLCJ1cmwiOiJodHRwczpcL1wvYm91dGlxdWVkZWxhZm9ybXVsZTEuZnJcL3dwLWNvbnRlbnRcL3VwbG9hZHNcLzIwMjZcLzAzXC81LmpwZWciLCJzbGlkZXNob3ciOiI3NDYzYzA5In0%3D\">\r\n\t\t\t\t\t<div class=\"e-gallery-image elementor-gallery-item__image\" data-thumbnail=\"https:\/\/boutiquedelaformule1.fr\/wp-content\/uploads\/2026\/03\/5.jpeg\" data-width=\"480\" data-height=\"640\" aria-label=\"\" role=\"img\" ><\/div>\r\n\t\t\t\t\t\t\t\t\t\t\t<div class=\"elementor-gallery-item__overlay\"><\/div>\r\n\t\t\t\t\t\t\t\t\t\t\t\t\t\t<\/a>\r\n\t\t\t\t\t\t\t<a class=\"e-gallery-item elementor-gallery-item elementor-animated-content\" href=\"https:\/\/boutiquedelaformule1.fr\/wp-content\/uploads\/2026\/03\/blouson.jpeg\" data-elementor-open-lightbox=\"yes\" data-elementor-lightbox-slideshow=\"7463c09\" data-elementor-lightbox-title=\"blouson\" data-e-action-hash=\"#elementor-action%3Aaction%3Dlightbox%26settings%3DeyJpZCI6MjUxLCJ1cmwiOiJodHRwczpcL1wvYm91dGlxdWVkZWxhZm9ybXVsZTEuZnJcL3dwLWNvbnRlbnRcL3VwbG9hZHNcLzIwMjZcLzAzXC9ibG91c29uLmpwZWciLCJzbGlkZXNob3ciOiI3NDYzYzA5In0%3D\">\r\n\t\t\t\t\t<div class=\"e-gallery-image elementor-gallery-item__image\" data-thumbnail=\"https:\/\/boutiquedelaformule1.fr\/wp-content\/uploads\/2026\/03\/blouson.jpeg\" data-width=\"550\" data-height=\"640\" aria-label=\"\" role=\"img\" ><\/div>\r\n\t\t\t\t\t\t\t\t\t\t\t<div class=\"elementor-gallery-item__overlay\"><\/div>\r\n\t\t\t\t\t\t\t\t\t\t\t\t\t\t<\/a>\r\n\t\t\t\t\t\t\t<a class=\"e-gallery-item elementor-gallery-item elementor-animated-content\" href=\"https:\/\/boutiquedelaformule1.fr\/wp-content\/uploads\/2026\/03\/blouson-casquette.jpeg\" data-elementor-open-lightbox=\"yes\" data-elementor-lightbox-slideshow=\"7463c09\" data-elementor-lightbox-title=\"blouson-casquette\" data-e-action-hash=\"#elementor-action%3Aaction%3Dlightbox%26settings%3DeyJpZCI6MjUyLCJ1cmwiOiJodHRwczpcL1wvYm91dGlxdWVkZWxhZm9ybXVsZTEuZnJcL3dwLWNvbnRlbnRcL3VwbG9hZHNcLzIwMjZcLzAzXC9ibG91c29uLWNhc3F1ZXR0ZS5qcGVnIiwic2xpZGVzaG93IjoiNzQ2M2MwOSJ9\">\r\n\t\t\t\t\t<div class=\"e-gallery-image elementor-gallery-item__image\" data-thumbnail=\"https:\/\/boutiquedelaformule1.fr\/wp-content\/uploads\/2026\/03\/blouson-casquette.jpeg\" data-width=\"480\" data-height=\"640\" aria-label=\"\" role=\"img\" ><\/div>\r\n\t\t\t\t\t\t\t\t\t\t\t<div class=\"elementor-gallery-item__overlay\"><\/div>\r\n\t\t\t\t\t\t\t\t\t\t\t\t\t\t<\/a>\r\n\t\t\t\t\t\t\t<a class=\"e-gallery-item elementor-gallery-item elementor-animated-content\" href=\"https:\/\/boutiquedelaformule1.fr\/wp-content\/uploads\/2026\/03\/cadeau.jpeg\" data-elementor-open-lightbox=\"yes\" data-elementor-lightbox-slideshow=\"7463c09\" data-elementor-lightbox-title=\"cadeau\" data-e-action-hash=\"#elementor-action%3Aaction%3Dlightbox%26settings%3DeyJpZCI6MjUzLCJ1cmwiOiJodHRwczpcL1wvYm91dGlxdWVkZWxhZm9ybXVsZTEuZnJcL3dwLWNvbnRlbnRcL3VwbG9hZHNcLzIwMjZcLzAzXC9jYWRlYXUuanBlZyIsInNsaWRlc2hvdyI6Ijc0NjNjMDkifQ%3D%3D\">\r\n\t\t\t\t\t<div class=\"e-gallery-image elementor-gallery-item__image\" data-thumbnail=\"https:\/\/boutiquedelaformule1.fr\/wp-content\/uploads\/2026\/03\/cadeau.jpeg\" data-width=\"640\" data-height=\"480\" aria-label=\"\" role=\"img\" ><\/div>\r\n\t\t\t\t\t\t\t\t\t\t\t<div class=\"elementor-gallery-item__overlay\"><\/div>\r\n\t\t\t\t\t\t\t\t\t\t\t\t\t\t<\/a>\r\n\t\t\t\t\t\t\t<a class=\"e-gallery-item elementor-gallery-item elementor-animated-content\" href=\"https:\/\/boutiquedelaformule1.fr\/wp-content\/uploads\/2026\/03\/cadeux.jpeg\" data-elementor-open-lightbox=\"yes\" data-elementor-lightbox-slideshow=\"7463c09\" data-elementor-lightbox-title=\"cadeux\" data-e-action-hash=\"#elementor-action%3Aaction%3Dlightbox%26settings%3DeyJpZCI6MjU0LCJ1cmwiOiJodHRwczpcL1wvYm91dGlxdWVkZWxhZm9ybXVsZTEuZnJcL3dwLWNvbnRlbnRcL3VwbG9hZHNcLzIwMjZcLzAzXC9jYWRldXguanBlZyIsInNsaWRlc2hvdyI6Ijc0NjNjMDkifQ%3D%3D\">\r\n\t\t\t\t\t<div class=\"e-gallery-image elementor-gallery-item__image\" data-thumbnail=\"https:\/\/boutiquedelaformule1.fr\/wp-content\/uploads\/2026\/03\/cadeux.jpeg\" data-width=\"719\" data-height=\"720\" aria-label=\"\" role=\"img\" ><\/div>\r\n\t\t\t\t\t\t\t\t\t\t\t<div class=\"elementor-gallery-item__overlay\"><\/div>\r\n\t\t\t\t\t\t\t\t\t\t\t\t\t\t<\/a>\r\n\t\t\t\t\t\t\t<a class=\"e-gallery-item elementor-gallery-item elementor-animated-content\" href=\"https:\/\/boutiquedelaformule1.fr\/wp-content\/uploads\/2026\/03\/casque.jpeg\" data-elementor-open-lightbox=\"yes\" data-elementor-lightbox-slideshow=\"7463c09\" data-elementor-lightbox-title=\"casque\" data-e-action-hash=\"#elementor-action%3Aaction%3Dlightbox%26settings%3DeyJpZCI6MjU1LCJ1cmwiOiJodHRwczpcL1wvYm91dGlxdWVkZWxhZm9ybXVsZTEuZnJcL3dwLWNvbnRlbnRcL3VwbG9hZHNcLzIwMjZcLzAzXC9jYXNxdWUuanBlZyIsInNsaWRlc2hvdyI6Ijc0NjNjMDkifQ%3D%3D\">\r\n\t\t\t\t\t<div class=\"e-gallery-image elementor-gallery-item__image\" data-thumbnail=\"https:\/\/boutiquedelaformule1.fr\/wp-content\/uploads\/2026\/03\/casque.jpeg\" data-width=\"640\" data-height=\"480\" aria-label=\"\" role=\"img\" ><\/div>\r\n\t\t\t\t\t\t\t\t\t\t\t<div class=\"elementor-gallery-item__overlay\"><\/div>\r\n\t\t\t\t\t\t\t\t\t\t\t\t\t\t<\/a>\r\n\t\t\t\t\t\t\t<a class=\"e-gallery-item elementor-gallery-item elementor-animated-content\" href=\"https:\/\/boutiquedelaformule1.fr\/wp-content\/uploads\/2026\/03\/ferrari.jpeg\" data-elementor-open-lightbox=\"yes\" data-elementor-lightbox-slideshow=\"7463c09\" data-elementor-lightbox-title=\"ferrari\" data-e-action-hash=\"#elementor-action%3Aaction%3Dlightbox%26settings%3DeyJpZCI6MjU2LCJ1cmwiOiJodHRwczpcL1wvYm91dGlxdWVkZWxhZm9ybXVsZTEuZnJcL3dwLWNvbnRlbnRcL3VwbG9hZHNcLzIwMjZcLzAzXC9mZXJyYXJpLmpwZWciLCJzbGlkZXNob3ciOiI3NDYzYzA5In0%3D\">\r\n\t\t\t\t\t<div class=\"e-gallery-image elementor-gallery-item__image\" data-thumbnail=\"https:\/\/boutiquedelaformule1.fr\/wp-content\/uploads\/2026\/03\/ferrari.jpeg\" data-width=\"640\" data-height=\"480\" aria-label=\"\" role=\"img\" ><\/div>\r\n\t\t\t\t\t\t\t\t\t\t\t<div class=\"elementor-gallery-item__overlay\"><\/div>\r\n\t\t\t\t\t\t\t\t\t\t\t\t\t\t<\/a>\r\n\t\t\t\t\t\t\t<a class=\"e-gallery-item elementor-gallery-item elementor-animated-content\" href=\"https:\/\/boutiquedelaformule1.fr\/wp-content\/uploads\/2026\/03\/lol.jpeg\" data-elementor-open-lightbox=\"yes\" data-elementor-lightbox-slideshow=\"7463c09\" data-elementor-lightbox-title=\"lol\" data-e-action-hash=\"#elementor-action%3Aaction%3Dlightbox%26settings%3DeyJpZCI6MjU3LCJ1cmwiOiJodHRwczpcL1wvYm91dGlxdWVkZWxhZm9ybXVsZTEuZnJcL3dwLWNvbnRlbnRcL3VwbG9hZHNcLzIwMjZcLzAzXC9sb2wuanBlZyIsInNsaWRlc2hvdyI6Ijc0NjNjMDkifQ%3D%3D\">\r\n\t\t\t\t\t<div class=\"e-gallery-image elementor-gallery-item__image\" data-thumbnail=\"https:\/\/boutiquedelaformule1.fr\/wp-content\/uploads\/2026\/03\/lol.jpeg\" data-width=\"640\" data-height=\"356\" aria-label=\"\" role=\"img\" ><\/div>\r\n\t\t\t\t\t\t\t\t\t\t\t<div class=\"elementor-gallery-item__overlay\"><\/div>\r\n\t\t\t\t\t\t\t\t\t\t\t\t\t\t<\/a>\r\n\t\t\t\t\t\t\t<a class=\"e-gallery-item elementor-gallery-item elementor-animated-content\" href=\"https:\/\/boutiquedelaformule1.fr\/wp-content\/uploads\/2026\/03\/teeshirt.jpeg\" data-elementor-open-lightbox=\"yes\" data-elementor-lightbox-slideshow=\"7463c09\" data-elementor-lightbox-title=\"teeshirt\" data-e-action-hash=\"#elementor-action%3Aaction%3Dlightbox%26settings%3DeyJpZCI6MjU4LCJ1cmwiOiJodHRwczpcL1wvYm91dGlxdWVkZWxhZm9ybXVsZTEuZnJcL3dwLWNvbnRlbnRcL3VwbG9hZHNcLzIwMjZcLzAzXC90ZWVzaGlydC5qcGVnIiwic2xpZGVzaG93IjoiNzQ2M2MwOSJ9\">\r\n\t\t\t\t\t<div class=\"e-gallery-image elementor-gallery-item__image\" data-thumbnail=\"https:\/\/boutiquedelaformule1.fr\/wp-content\/uploads\/2026\/03\/teeshirt.jpeg\" data-width=\"480\" data-height=\"640\" aria-label=\"\" role=\"img\" ><\/div>\r\n\t\t\t\t\t\t\t\t\t\t\t<div class=\"elementor-gallery-item__overlay\"><\/div>\r\n\t\t\t\t\t\t\t\t\t\t\t\t\t\t<\/a>\r\n\t\t\t\t\t\t\t<a class=\"e-gallery-item elementor-gallery-item elementor-animated-content\" href=\"https:\/\/boutiquedelaformule1.fr\/wp-content\/uploads\/2026\/03\/tous.jpeg\" data-elementor-open-lightbox=\"yes\" data-elementor-lightbox-slideshow=\"7463c09\" data-elementor-lightbox-title=\"tous\" data-e-action-hash=\"#elementor-action%3Aaction%3Dlightbox%26settings%3DeyJpZCI6MjU5LCJ1cmwiOiJodHRwczpcL1wvYm91dGlxdWVkZWxhZm9ybXVsZTEuZnJcL3dwLWNvbnRlbnRcL3VwbG9hZHNcLzIwMjZcLzAzXC90b3VzLmpwZWciLCJzbGlkZXNob3ciOiI3NDYzYzA5In0%3D\">\r\n\t\t\t\t\t<div class=\"e-gallery-image elementor-gallery-item__image\" data-thumbnail=\"https:\/\/boutiquedelaformule1.fr\/wp-content\/uploads\/2026\/03\/tous.jpeg\" data-width=\"640\" data-height=\"480\" aria-label=\"\" role=\"img\" ><\/div>\r\n\t\t\t\t\t\t\t\t\t\t\t<div class=\"elementor-gallery-item__overlay\"><\/div>\r\n\t\t\t\t\t\t\t\t\t\t\t\t\t\t<\/a>\r\n\t\t\t\t\t\t\t<a class=\"e-gallery-item elementor-gallery-item elementor-animated-content\" href=\"https:\/\/boutiquedelaformule1.fr\/wp-content\/uploads\/2026\/03\/tous2.jpeg\" data-elementor-open-lightbox=\"yes\" data-elementor-lightbox-slideshow=\"7463c09\" data-elementor-lightbox-title=\"tous2\" data-e-action-hash=\"#elementor-action%3Aaction%3Dlightbox%26settings%3DeyJpZCI6MjYwLCJ1cmwiOiJodHRwczpcL1wvYm91dGlxdWVkZWxhZm9ybXVsZTEuZnJcL3dwLWNvbnRlbnRcL3VwbG9hZHNcLzIwMjZcLzAzXC90b3VzMi5qcGVnIiwic2xpZGVzaG93IjoiNzQ2M2MwOSJ9\">\r\n\t\t\t\t\t<div class=\"e-gallery-image elementor-gallery-item__image\" data-thumbnail=\"https:\/\/boutiquedelaformule1.fr\/wp-content\/uploads\/2026\/03\/tous2.jpeg\" data-width=\"640\" data-height=\"480\" aria-label=\"\" role=\"img\" ><\/div>\r\n\t\t\t\t\t\t\t\t\t\t\t<div class=\"elementor-gallery-item__overlay\"><\/div>\r\n\t\t\t\t\t\t\t\t\t\t\t\t\t\t<\/a>\r\n\t\t\t\t\t\t\t<a class=\"e-gallery-item elementor-gallery-item elementor-animated-content\" href=\"https:\/\/boutiquedelaformule1.fr\/wp-content\/uploads\/2026\/03\/WhatsApp-Image-2026-03-23-at-10.16.51.jpeg\" data-elementor-open-lightbox=\"yes\" data-elementor-lightbox-slideshow=\"7463c09\" data-elementor-lightbox-title=\"WhatsApp Image 2026-03-23 at 10.16.51\" data-e-action-hash=\"#elementor-action%3Aaction%3Dlightbox%26settings%3DeyJpZCI6MjYxLCJ1cmwiOiJodHRwczpcL1wvYm91dGlxdWVkZWxhZm9ybXVsZTEuZnJcL3dwLWNvbnRlbnRcL3VwbG9hZHNcLzIwMjZcLzAzXC9XaGF0c0FwcC1JbWFnZS0yMDI2LTAzLTIzLWF0LTEwLjE2LjUxLmpwZWciLCJzbGlkZXNob3ciOiI3NDYzYzA5In0%3D\">\r\n\t\t\t\t\t<div class=\"e-gallery-image elementor-gallery-item__image\" data-thumbnail=\"https:\/\/boutiquedelaformule1.fr\/wp-content\/uploads\/2026\/03\/WhatsApp-Image-2026-03-23-at-10.16.51.jpeg\" data-width=\"480\" data-height=\"640\" aria-label=\"\" role=\"img\" ><\/div>\r\n\t\t\t\t\t\t\t\t\t\t\t<div class=\"elementor-gallery-item__overlay\"><\/div>\r\n\t\t\t\t\t\t\t\t\t\t\t\t\t\t<\/a>\r\n\t\t\t\t\t\t\t<a class=\"e-gallery-item elementor-gallery-item elementor-animated-content\" href=\"https:\/\/boutiquedelaformule1.fr\/wp-content\/uploads\/2026\/03\/WhatsApp-Image-2026-03-23-at-10.16.512.jpeg\" data-elementor-open-lightbox=\"yes\" data-elementor-lightbox-slideshow=\"7463c09\" data-elementor-lightbox-title=\"WhatsApp Image 2026-03-23 at 10.16.512\" data-e-action-hash=\"#elementor-action%3Aaction%3Dlightbox%26settings%3DeyJpZCI6MjYyLCJ1cmwiOiJodHRwczpcL1wvYm91dGlxdWVkZWxhZm9ybXVsZTEuZnJcL3dwLWNvbnRlbnRcL3VwbG9hZHNcLzIwMjZcLzAzXC9XaGF0c0FwcC1JbWFnZS0yMDI2LTAzLTIzLWF0LTEwLjE2LjUxMi5qcGVnIiwic2xpZGVzaG93IjoiNzQ2M2MwOSJ9\">\r\n\t\t\t\t\t<div class=\"e-gallery-image elementor-gallery-item__image\" data-thumbnail=\"https:\/\/boutiquedelaformule1.fr\/wp-content\/uploads\/2026\/03\/WhatsApp-Image-2026-03-23-at-10.16.512.jpeg\" data-width=\"480\" data-height=\"640\" aria-label=\"\" role=\"img\" ><\/div>\r\n\t\t\t\t\t\t\t\t\t\t\t<div class=\"elementor-gallery-item__overlay\"><\/div>\r\n\t\t\t\t\t\t\t\t\t\t\t\t\t\t<\/a>\r\n\t\t\t\t\t\t\t<a class=\"e-gallery-item elementor-gallery-item elementor-animated-content\" href=\"https:\/\/boutiquedelaformule1.fr\/wp-content\/uploads\/2026\/03\/WhatsApp-Image-2026-03-23-at-10.16.513.jpeg\" data-elementor-open-lightbox=\"yes\" data-elementor-lightbox-slideshow=\"7463c09\" data-elementor-lightbox-title=\"WhatsApp Image 2026-03-23 at 10.16.513\" data-e-action-hash=\"#elementor-action%3Aaction%3Dlightbox%26settings%3DeyJpZCI6MjYzLCJ1cmwiOiJodHRwczpcL1wvYm91dGlxdWVkZWxhZm9ybXVsZTEuZnJcL3dwLWNvbnRlbnRcL3VwbG9hZHNcLzIwMjZcLzAzXC9XaGF0c0FwcC1JbWFnZS0yMDI2LTAzLTIzLWF0LTEwLjE2LjUxMy5qcGVnIiwic2xpZGVzaG93IjoiNzQ2M2MwOSJ9\">\r\n\t\t\t\t\t<div class=\"e-gallery-image elementor-gallery-item__image\" data-thumbnail=\"https:\/\/boutiquedelaformule1.fr\/wp-content\/uploads\/2026\/03\/WhatsApp-Image-2026-03-23-at-10.16.513.jpeg\" data-width=\"640\" data-height=\"600\" aria-label=\"\" role=\"img\" ><\/div>\r\n\t\t\t\t\t\t\t\t\t\t\t<div class=\"elementor-gallery-item__overlay\"><\/div>\r\n\t\t\t\t\t\t\t\t\t\t\t\t\t\t<\/a>\r\n\t\t\t\t\t<\/div>\r\n\t\t\t\t\t<\/div>\n\t\t\t\t\t<\/div>\n\t\t\t\t<\/div>\n\t\t<div class=\"elementor-element elementor-element-ce13b82 e-flex e-con-boxed e-con e-parent\" data-id=\"ce13b82\" data-element_type=\"container\" data-e-type=\"container\" id=\"contact\">\n\t\t\t\t\t<div class=\"e-con-inner\">\n\t\t<div class=\"elementor-element elementor-element-2d35339 e-con-full e-flex e-con e-child\" data-id=\"2d35339\" data-element_type=\"container\" data-e-type=\"container\">\n\t\t\t\t<div class=\"elementor-element elementor-element-4fbf8b1 elementor-widget elementor-widget-google_maps\" data-id=\"4fbf8b1\" data-element_type=\"widget\" data-e-type=\"widget\" data-widget_type=\"google_maps.default\">\n\t\t\t\t\t\t\t<div class=\"elementor-custom-embed\">\n\t\t\t<iframe loading=\"lazy\"\n\t\t\t\t\tsrc=\"https:\/\/maps.google.com\/maps?q=%2076%20Avenue%20des%20CHAMPS%20ELYSEES%2C%20Paris%2C%20France%2C%2075008&#038;t=m&#038;z=10&#038;output=embed&#038;iwloc=near\"\n\t\t\t\t\ttitle=\" 76 Avenue des CHAMPS ELYSEES, Paris, France, 75008\"\n\t\t\t\t\taria-label=\" 76 Avenue des CHAMPS ELYSEES, Paris, France, 75008\"\n\t\t\t><\/iframe>\n\t\t<\/div>\n\t\t\t\t\t\t<\/div>\n\t\t\t\t<\/div>\n\t\t<div class=\"elementor-element elementor-element-5f3eeed e-con-full e-flex e-con e-child\" data-id=\"5f3eeed\" data-element_type=\"container\" data-e-type=\"container\">\n\t\t\t\t<div class=\"elementor-element elementor-element-8ce31e7 elementor-widget elementor-widget-heading\" data-id=\"8ce31e7\" data-element_type=\"widget\" data-e-type=\"widget\" data-widget_type=\"heading.default\">\n\t\t\t\t\t<h2 class=\"elementor-heading-title elementor-size-default\">Contact<\/h2>\t\t\t\t<\/div>\n\t\t\t\t<div class=\"elementor-element elementor-element-61474e8 elementor-icon-list--layout-traditional elementor-list-item-link-full_width elementor-widget elementor-widget-icon-list\" data-id=\"61474e8\" data-element_type=\"widget\" data-e-type=\"widget\" data-widget_type=\"icon-list.default\">\n\t\t\t\t\t\t\t<ul class=\"elementor-icon-list-items\">\n\t\t\t\t\t\t\t<li class=\"elementor-icon-list-item\">\n\t\t\t\t\t\t\t\t\t\t\t<span class=\"elementor-icon-list-icon\">\n\t\t\t\t\t\t\t<svg aria-hidden=\"true\" class=\"e-font-icon-svg e-fas-phone-volume\" viewBox=\"0 0 384 512\" xmlns=\"http:\/\/www.w3.org\/2000\/svg\"><path d=\"M97.333 506.966c-129.874-129.874-129.681-340.252 0-469.933 5.698-5.698 14.527-6.632 21.263-2.422l64.817 40.513a17.187 17.187 0 0 1 6.849 20.958l-32.408 81.021a17.188 17.188 0 0 1-17.669 10.719l-55.81-5.58c-21.051 58.261-20.612 122.471 0 179.515l55.811-5.581a17.188 17.188 0 0 1 17.669 10.719l32.408 81.022a17.188 17.188 0 0 1-6.849 20.958l-64.817 40.513a17.19 17.19 0 0 1-21.264-2.422zM247.126 95.473c11.832 20.047 11.832 45.008 0 65.055-3.95 6.693-13.108 7.959-18.718 2.581l-5.975-5.726c-3.911-3.748-4.793-9.622-2.261-14.41a32.063 32.063 0 0 0 0-29.945c-2.533-4.788-1.65-10.662 2.261-14.41l5.975-5.726c5.61-5.378 14.768-4.112 18.718 2.581zm91.787-91.187c60.14 71.604 60.092 175.882 0 247.428-4.474 5.327-12.53 5.746-17.552.933l-5.798-5.557c-4.56-4.371-4.977-11.529-.93-16.379 49.687-59.538 49.646-145.933 0-205.422-4.047-4.85-3.631-12.008.93-16.379l5.798-5.557c5.022-4.813 13.078-4.394 17.552.933zm-45.972 44.941c36.05 46.322 36.108 111.149 0 157.546-4.39 5.641-12.697 6.251-17.856 1.304l-5.818-5.579c-4.4-4.219-4.998-11.095-1.285-15.931 26.536-34.564 26.534-82.572 0-117.134-3.713-4.836-3.115-11.711 1.285-15.931l5.818-5.579c5.159-4.947 13.466-4.337 17.856 1.304z\"><\/path><\/svg>\t\t\t\t\t\t<\/span>\n\t\t\t\t\t\t\t\t\t\t<span class=\"elementor-icon-list-text\">+33 6 12 09 04 48<\/span>\n\t\t\t\t\t\t\t\t\t<\/li>\n\t\t\t\t\t\t\t\t<li class=\"elementor-icon-list-item\">\n\t\t\t\t\t\t\t\t\t\t\t<span class=\"elementor-icon-list-icon\">\n\t\t\t\t\t\t\t<svg aria-hidden=\"true\" class=\"e-font-icon-svg e-fas-map-marker-alt\" viewBox=\"0 0 384 512\" xmlns=\"http:\/\/www.w3.org\/2000\/svg\"><path d=\"M172.268 501.67C26.97 291.031 0 269.413 0 192 0 85.961 85.961 0 192 0s192 85.961 192 192c0 77.413-26.97 99.031-172.268 309.67-9.535 13.774-29.93 13.773-39.464 0zM192 272c44.183 0 80-35.817 80-80s-35.817-80-80-80-80 35.817-80 80 35.817 80 80 80z\"><\/path><\/svg>\t\t\t\t\t\t<\/span>\n\t\t\t\t\t\t\t\t\t\t<span class=\"elementor-icon-list-text\"> 76 Avenue des CHAMPS ELYSEES, Paris, France, 75008<\/span>\n\t\t\t\t\t\t\t\t\t<\/li>\n\t\t\t\t\t\t<\/ul>\n\t\t\t\t\t\t<\/div>\n\t\t\t\t<div class=\"elementor-element elementor-element-e678506 elementor-widget elementor-widget-text-editor\" data-id=\"e678506\" data-element_type=\"widget\" data-e-type=\"widget\" data-widget_type=\"text-editor.default\">\n\t\t\t\t\t\t\t\t\t<p>Notre boutique est heureuse de vous accueillir du lundi au samedi de 11 h 30 \u00e0 19 h<\/p>\t\t\t\t\t\t\t\t<\/div>\n\t\t\t\t<\/div>\n\t\t\t\t\t<\/div>\n\t\t\t\t<\/div>\n\t\t\t\t<\/div>\n\t\t","protected":false},"excerpt":{"rendered":"<p>La Boutique Formula Store -Motor Shop Soyez les bienvenus chez le distributeur de la gamme officielle de vos produits pr\u00e9f\u00e9r\u00e9s Contact +33 6 12 09 04 48 76 Avenue des CHAMPS ELYSEES, Paris, France, 75008 Notre boutique est heureuse de vous accueillir du lundi au samedi de 11 h 30 \u00e0 19 h<\/p>\n","protected":false},"author":1,"featured_media":0,"parent":0,"menu_order":0,"comment_status":"closed","ping_status":"closed","template":"","meta":{"footnotes":""},"class_list":["post-7","page","type-page","status-publish","hentry"],"_links":{"self":[{"href":"https:\/\/boutiquedelaformule1.fr\/index.php\/wp-json\/wp\/v2\/pages\/7","targetHints":{"allow":["GET"]}}],"collection":[{"href":"https:\/\/boutiquedelaformule1.fr\/index.php\/wp-json\/wp\/v2\/pages"}],"about":[{"href":"https:\/\/boutiquedelaformule1.fr\/index.php\/wp-json\/wp\/v2\/types\/page"}],"author":[{"embeddable":true,"href":"https:\/\/boutiquedelaformule1.fr\/index.php\/wp-json\/wp\/v2\/users\/1"}],"replies":[{"embeddable":true,"href":"https:\/\/boutiquedelaformule1.fr\/index.php\/wp-json\/wp\/v2\/comments?post=7"}],"version-history":[{"count":203,"href":"https:\/\/boutiquedelaformule1.fr\/index.php\/wp-json\/wp\/v2\/pages\/7\/revisions"}],"predecessor-version":[{"id":306,"href":"https:\/\/boutiquedelaformule1.fr\/index.php\/wp-json\/wp\/v2\/pages\/7\/revisions\/306"}],"wp:attachment":[{"href":"https:\/\/boutiquedelaformule1.fr\/index.php\/wp-json\/wp\/v2\/media?parent=7"}],"curies":[{"name":"wp","href":"https:\/\/api.w.org\/{rel}","templated":true}]}}